{"id":610,"date":"2021-08-26T09:00:12","date_gmt":"2021-08-26T09:00:12","guid":{"rendered":"https:\/\/el3.thembaydev.com\/greenmart_fresh\/?page_id=610"},"modified":"2024-11-15T22:14:41","modified_gmt":"2024-11-15T19:14:41","slug":"hakkimizda","status":"publish","type":"page","link":"https:\/\/hampas.com.tr\/magaza\/hakkimizda\/","title":{"rendered":"Hakk\u0131m\u0131zda"},"content":{"rendered":"\t\t<div data-elementor-type=\"wp-page\" data-elementor-id=\"610\" class=\"elementor elementor-610\">\n\t\t\t\t<div class=\"elementor-element elementor-element-a86bc98 e-flex e-con-boxed e-con e-parent\" data-id=\"a86bc98\" data-element_type=\"container\" data-e-type=\"container\">\n\t\t\t\t\t<div class=\"e-con-inner\">\n\t\t\t\t<div class=\"elementor-element elementor-element-9a38ebc elementor-widget elementor-widget-tbay-heading\" data-id=\"9a38ebc\" data-element_type=\"widget\" data-e-type=\"widget\" data-widget_type=\"tbay-heading.default\">\n\t\t\t\t<div class=\"elementor-widget-container\">\n\t\t\t\t\t\r\n<div class=\"tbay-element tbay-element-heading\">\r\n\t\t\t\t<h3 class=\"heading-tbay-title\">\r\n\t\t\t\t\t\t\t\t\t<span class=\"title\">Hakk\u0131m\u0131zda<\/span>\r\n\t\t\t\t\t    \t\r\n\t\t\t\t\t\t\t<\/h3>\r\n\t\t<\/div>\t\t\t\t<\/div>\n\t\t\t\t<\/div>\n\t\t\t\t\t<\/div>\n\t\t\t\t<\/div>\n\t\t\t\t<section class=\"elementor-section elementor-top-section elementor-element elementor-element-cbeea41 elementor-section-stretched elementor-section-boxed elementor-section-height-default elementor-section-height-default\" data-id=\"cbeea41\" data-element_type=\"section\" data-e-type=\"section\" data-settings=\"{&quot;stretch_section&quot;:&quot;section-stretched&quot;}\">\n\t\t\t\t\t\t<div class=\"elementor-container elementor-column-gap-default\">\n\t\t\t\t\t<div class=\"elementor-column elementor-col-50 elementor-top-column elementor-element elementor-element-f75c031\" data-id=\"f75c031\" data-element_type=\"column\" data-e-type=\"column\">\n\t\t\t<div class=\"elementor-widget-wrap elementor-element-populated\">\n\t\t\t\t\t\t<div class=\"elementor-element elementor-element-85dc0ee elementor-widget elementor-widget-text-editor\" data-id=\"85dc0ee\" data-element_type=\"widget\" data-e-type=\"widget\" data-widget_type=\"text-editor.default\">\n\t\t\t\t<div class=\"elementor-widget-container\">\n\t\t\t\t\t\t\t\t\t<p>Hampas Pastaneleri olarak, geleneksel lezzetleri modern dokunu\u015flarla birle\u015ftirerek sizlere en \u00f6zel tatlar\u0131 sunma hedefiyle yola \u00e7\u0131kt\u0131k. Arnavutk\u00f6y Anadolu Mahallesi ve \u00c7ardaktepe \u015fubelerimizde, y\u0131llar\u0131n tecr\u00fcbesi ve tutkumuzla haz\u0131rlad\u0131\u011f\u0131m\u0131z tatl\u0131lar, pastalar ve unlu mamuller ile damaklar\u0131n\u0131za hitap ediyoruz.<\/p><p>\u00a0<\/p><p>Her biri \u00f6zenle se\u00e7ilmi\u015f do\u011fal ve organik malzemelerle \u00fcretti\u011fimiz pastalar\u0131m\u0131z, hem g\u00f6rsel hem de lezzet a\u00e7\u0131s\u0131ndan e\u015fsiz bir deneyim sunuyor. Meyveli, \u00e7ikolatal\u0131 ve \u00f6zel tasar\u0131m pastalar\u0131m\u0131z, do\u011fum g\u00fcn\u00fc, ni\u015fan ve \u00f6zel g\u00fcnlerinizi daha anlaml\u0131 k\u0131lmak i\u00e7in en iyi \u015fekilde haz\u0131rlan\u0131r.<\/p>\t\t\t\t\t\t\t\t<\/div>\n\t\t\t\t<\/div>\n\t\t\t\t\t<\/div>\n\t\t<\/div>\n\t\t\t\t<div class=\"elementor-column elementor-col-50 elementor-top-column elementor-element elementor-element-c89ee02\" data-id=\"c89ee02\" data-element_type=\"column\" data-e-type=\"column\">\n\t\t\t<div class=\"elementor-widget-wrap elementor-element-populated\">\n\t\t\t\t\t\t<div class=\"elementor-element elementor-element-6459cb6 elementor-widget elementor-widget-text-editor\" data-id=\"6459cb6\" data-element_type=\"widget\" data-e-type=\"widget\" data-widget_type=\"text-editor.default\">\n\t\t\t\t<div class=\"elementor-widget-container\">\n\t\t\t\t\t\t\t\t\t<p>Bunun yan\u0131 s\u0131ra baklava, \u00e7e\u015fitli tatl\u0131 ve tuzlu kurabiyeler, ekler ve di\u011fer e\u015fsiz \u00fcr\u00fcnlerimizle, her damak tad\u0131na uygun geni\u015f bir \u00fcr\u00fcn yelpazesi sunuyoruz. Misafirlerinizi mutlu edecek tatlar\u0131n do\u011fru adresi olarak, kalite ve m\u00fc\u015fteri memnuniyetini her zaman \u00f6n planda tutuyoruz.<\/p><p>\u00a0<\/p><p>Web sitemiz \u00fczerinden kolayca sipari\u015f verebilir, \u00fcr\u00fcnlerimizi ke\u015ffedebilir ve en k\u0131sa s\u00fcrede teslimat hizmetimizden faydalanabilirsiniz. Hampas Pastaneleri olarak, her bir \u00fcr\u00fcn\u00fcm\u00fczde ayn\u0131 \u00f6zeni ve sevgiyi hissedece\u011finizden eminiz.<\/p><p>Lezzet yolculu\u011fumuza kat\u0131lmak i\u00e7in sizi de Hampas Pastaneleri&#8217;ne davet ediyoruz. Unutulmaz tatlar, g\u00fcler y\u00fczl\u00fc hizmet ve e\u015fsiz bir deneyim i\u00e7in her zaman buraday\u0131z.<\/p>\t\t\t\t\t\t\t\t<\/div>\n\t\t\t\t<\/div>\n\t\t\t\t\t<\/div>\n\t\t<\/div>\n\t\t\t\t\t<\/div>\n\t\t<\/section>\n\t\t\t\t<section class=\"elementor-section elementor-top-section elementor-element elementor-element-4107f66 elementor-section-stretched elementor-section-boxed elementor-section-height-default elementor-section-height-default\" data-id=\"4107f66\" data-element_type=\"section\" data-e-type=\"section\" data-settings=\"{&quot;stretch_section&quot;:&quot;section-stretched&quot;}\">\n\t\t\t\t\t\t<div class=\"elementor-container elementor-column-gap-default\">\n\t\t\t\t\t<div class=\"elementor-column elementor-col-100 elementor-top-column elementor-element elementor-element-9543574\" data-id=\"9543574\" data-element_type=\"column\" data-e-type=\"column\">\n\t\t\t<div class=\"elementor-widget-wrap elementor-element-populated\">\n\t\t\t\t\t\t<div class=\"elementor-element elementor-element-76ad7f4 elementor-widget elementor-widget-video\" data-id=\"76ad7f4\" data-element_type=\"widget\" data-e-type=\"widget\" data-settings=\"{&quot;show_image_overlay&quot;:&quot;yes&quot;,&quot;image_overlay&quot;:{&quot;url&quot;:&quot;https:\\\/\\\/el3.thembaydev.com\\\/greenmart_fresh\\\/wp-content\\\/uploads\\\/2021\\\/09\\\/bg-video-about.jpg&quot;,&quot;id&quot;:&quot;1354&quot;,&quot;size&quot;:&quot;&quot;,&quot;alt&quot;:&quot;&quot;,&quot;source&quot;:&quot;library&quot;},&quot;video_type&quot;:&quot;hosted&quot;,&quot;controls&quot;:&quot;yes&quot;}\" data-widget_type=\"video.default\">\n\t\t\t\t<div class=\"elementor-widget-container\">\n\t\t\t\t\t\t\t<div class=\"e-hosted-video elementor-wrapper elementor-open-inline\">\n\t\t\t\t\t<video class=\"elementor-video\" src=\"https:\/\/hampas.com.tr\/magaza\/wp-content\/uploads\/2024\/11\/hampasgida_1729125869_3480482290883636566_57030715483.mp4\" controls=\"\" preload=\"auto\" controlsList=\"nodownload\"><\/video>\n\t\t\t\t\t\t<div class=\"elementor-custom-embed-image-overlay\" style=\"background-image: url();\">\n\t\t\t\t\t\t\t\t\t\t\t\t\t\t\t\t<div class=\"elementor-custom-embed-play\" role=\"button\" aria-label=\"Videoyu Oynat\" tabindex=\"0\">\n\t\t\t\t\t\t\t<svg aria-hidden=\"true\" class=\"e-font-icon-svg e-eicon-play\" viewBox=\"0 0 1000 1000\" xmlns=\"http:\/\/www.w3.org\/2000\/svg\"><path d=\"M838 162C746 71 633 25 500 25 371 25 258 71 163 162 71 254 25 367 25 500 25 633 71 746 163 837 254 929 367 979 500 979 633 979 746 933 838 837 929 746 975 633 975 500 975 367 929 254 838 162M808 192C892 279 933 379 933 500 933 621 892 725 808 808 725 892 621 938 500 938 379 938 279 896 196 808 113 725 67 621 67 500 67 379 108 279 196 192 279 108 383 62 500 62 621 62 721 108 808 192M438 392V642L642 517 438 392Z\"><\/path><\/svg>\t\t\t\t\t\t<\/div>\n\t\t\t\t\t\t\t\t\t<\/div>\n\t\t\t\t\t<\/div>\n\t\t\t\t\t\t<\/div>\n\t\t\t\t<\/div>\n\t\t\t\t\t<\/div>\n\t\t<\/div>\n\t\t\t\t\t<\/div>\n\t\t<\/section>\n\t\t\t\t<section class=\"elementor-section elementor-top-section elementor-element elementor-element-eaab3bf elementor-section-stretched elementor-section-boxed elementor-section-height-default elementor-section-height-default\" data-id=\"eaab3bf\" data-element_type=\"section\" data-e-type=\"section\" data-settings=\"{&quot;stretch_section&quot;:&quot;section-stretched&quot;,&quot;background_background&quot;:&quot;classic&quot;}\">\n\t\t\t\t\t\t<div class=\"elementor-container elementor-column-gap-default\">\n\t\t\t\t\t<div class=\"elementor-column elementor-col-100 elementor-top-column elementor-element elementor-element-3c81574\" data-id=\"3c81574\" data-element_type=\"column\" data-e-type=\"column\">\n\t\t\t<div class=\"elementor-widget-wrap elementor-element-populated\">\n\t\t\t\t\t\t<div class=\"elementor-element elementor-element-c81bd63 elementor-widget elementor-widget-tbay-heading\" data-id=\"c81bd63\" data-element_type=\"widget\" data-e-type=\"widget\" data-widget_type=\"tbay-heading.default\">\n\t\t\t\t<div class=\"elementor-widget-container\">\n\t\t\t\t\t\r\n<div class=\"tbay-element tbay-element-heading\">\r\n\t\t\t\t<h3 class=\"heading-tbay-title\">\r\n\t\t\t\t\t\t\t\t\t<span class=\"title\">Biz Kimiz?<\/span>\r\n\t\t\t\t\t    \t\r\n\t\t\t\t\t\t\t\t\t<span class=\"subtitle\">Hampas Pastaneleri olarak, lezzet tutkusunu kaliteyle bulu\u015fturan, geleneksel tatlara modern dokunu\u015flar katan ve her zaman m\u00fc\u015fteri memnuniyetini \u00f6n planda tutan bir markay\u0131z. Arnavutk\u00f6y Anadolu Mahallesi ve \u00c7ardaktepe \u015fubelerimizle, y\u0131llard\u0131r tatl\u0131 severlere e\u015fsiz lezzetler sunuyoruz. Pastalar\u0131m\u0131zdan kurabiyelerimize, baklavalar\u0131m\u0131zdan \u00f6zel tasar\u0131m \u00fcr\u00fcnlerimize kadar geni\u015f \u00fcr\u00fcn yelpazemizle hem g\u00f6zlere hem de damaklara hitap ediyoruz. Do\u011fal ve organik malzemelerle haz\u0131rlad\u0131\u011f\u0131m\u0131z her \u00fcr\u00fcn, sizler i\u00e7in sevgi ve \u00f6zenle \u00fcretiliyor.<\/span>\r\n\t\t\t\t\t\t\t<\/h3>\r\n\t\t<\/div>\t\t\t\t<\/div>\n\t\t\t\t<\/div>\n\t\t\t\t\t<\/div>\n\t\t<\/div>\n\t\t\t\t\t<\/div>\n\t\t<\/section>\n\t\t\t\t<section class=\"elementor-section elementor-top-section elementor-element elementor-element-5635e85 elementor-section-stretched elementor-section-boxed elementor-section-height-default elementor-section-height-default\" data-id=\"5635e85\" data-element_type=\"section\" data-e-type=\"section\" data-settings=\"{&quot;stretch_section&quot;:&quot;section-stretched&quot;}\">\n\t\t\t\t\t\t<div class=\"elementor-container elementor-column-gap-default\">\n\t\t\t\t\t<div class=\"elementor-column elementor-col-100 elementor-top-column elementor-element elementor-element-f370b54\" data-id=\"f370b54\" data-element_type=\"column\" data-e-type=\"column\">\n\t\t\t<div class=\"elementor-widget-wrap elementor-element-populated\">\n\t\t\t\t\t\t<div class=\"elementor-element elementor-element-14f9aff elementor-widget elementor-widget-text-editor\" data-id=\"14f9aff\" data-element_type=\"widget\" data-e-type=\"widget\" data-widget_type=\"text-editor.default\">\n\t\t\t\t<div class=\"elementor-widget-container\">\n\t\t\t\t\t\t\t\t\t<p>Vizyonumuz &amp; Misyonumuz<\/p>\t\t\t\t\t\t\t\t<\/div>\n\t\t\t\t<\/div>\n\t\t\t\t<div class=\"elementor-element elementor-element-1199289 elementor-widget elementor-widget-text-editor\" data-id=\"1199289\" data-element_type=\"widget\" data-e-type=\"widget\" data-widget_type=\"text-editor.default\">\n\t\t\t\t<div class=\"elementor-widget-container\">\n\t\t\t\t\t\t\t\t\t<p>Tatl\u0131 ve unlu mamul sekt\u00f6r\u00fcnde kalite, lezzet ve yenilik\u00e7ilik anlay\u0131\u015f\u0131yla fark yaratarak, Hampas Pastaneleri&#8217;ni T\u00fcrkiye\u2019nin \u00f6nde gelen markalar\u0131ndan biri haline getirmek. T\u00fcm m\u00fc\u015fterilerimize unutulmaz bir tat ve hizmet deneyimi sunarak, hem yerel hem de ulusal alanda ilham veren bir marka olmay\u0131 hedefliyoruz.<\/p>\t\t\t\t\t\t\t\t<\/div>\n\t\t\t\t<\/div>\n\t\t\t\t<div class=\"elementor-element elementor-element-0dcb703 elementor-widget elementor-widget-text-editor\" data-id=\"0dcb703\" data-element_type=\"widget\" data-e-type=\"widget\" data-widget_type=\"text-editor.default\">\n\t\t\t\t<div class=\"elementor-widget-container\">\n\t\t\t\t\t\t\t\t\t<p>Do\u011fal, taze ve kaliteli malzemelerle haz\u0131rlanan \u00fcr\u00fcnler sunarak m\u00fc\u015fteri memnuniyetini en \u00fcst seviyede tutmak.<br \/>\u00d6zel g\u00fcnlerinize e\u015flik edecek tatl\u0131larla mutluluk ve lezzet ta\u015f\u0131mak.<br \/>Yenilik\u00e7i ve yarat\u0131c\u0131 \u00fcr\u00fcnlerle sekt\u00f6rde farkl\u0131la\u015fmak, her ya\u015ftan m\u00fc\u015fteriye hitap eden \u00fcr\u00fcnler geli\u015ftirmek.<br \/>G\u00fcler y\u00fczl\u00fc hizmet anlay\u0131\u015f\u0131m\u0131zla, Hampas Pastaneleri\u2019ni her zaman tercih edilen bir marka olarak s\u00fcrd\u00fcrmek.<\/p>\t\t\t\t\t\t\t\t<\/div>\n\t\t\t\t<\/div>\n\t\t\t\t\t<\/div>\n\t\t<\/div>\n\t\t\t\t\t<\/div>\n\t\t<\/section>\n\t\t\t\t<section class=\"elementor-section elementor-top-section elementor-element elementor-element-df931ef elementor-section-stretched elementor-section-boxed elementor-section-height-default elementor-section-height-default\" data-id=\"df931ef\" data-element_type=\"section\" data-e-type=\"section\" data-settings=\"{&quot;stretch_section&quot;:&quot;section-stretched&quot;,&quot;background_background&quot;:&quot;classic&quot;}\">\n\t\t\t\t\t\t<div class=\"elementor-container elementor-column-gap-default\">\n\t\t\t\t\t<div class=\"elementor-column elementor-col-50 elementor-top-column elementor-element elementor-element-d00ecaa\" data-id=\"d00ecaa\" data-element_type=\"column\" data-e-type=\"column\">\n\t\t\t<div class=\"elementor-widget-wrap elementor-element-populated\">\n\t\t\t\t\t\t<div class=\"elementor-element elementor-element-8373cf8 elementor-widget__width-initial elementor-widget elementor-widget-text-editor\" data-id=\"8373cf8\" data-element_type=\"widget\" data-e-type=\"widget\" data-widget_type=\"text-editor.default\">\n\t\t\t\t<div class=\"elementor-widget-container\">\n\t\t\t\t\t\t\t\t\t<p>Bizi Tercih Edenler\u00a0<\/p>\t\t\t\t\t\t\t\t<\/div>\n\t\t\t\t<\/div>\n\t\t\t\t\t<\/div>\n\t\t<\/div>\n\t\t\t\t<div class=\"elementor-column elementor-col-50 elementor-top-column elementor-element elementor-element-82cf9ad\" data-id=\"82cf9ad\" data-element_type=\"column\" data-e-type=\"column\">\n\t\t\t<div class=\"elementor-widget-wrap elementor-element-populated\">\n\t\t\t\t\t\t<section class=\"elementor-section elementor-inner-section elementor-element elementor-element-aa2b758 elementor-section-boxed elementor-section-height-default elementor-section-height-default\" data-id=\"aa2b758\" data-element_type=\"section\" data-e-type=\"section\">\n\t\t\t\t\t\t<div class=\"elementor-container elementor-column-gap-default\">\n\t\t\t\t\t<div class=\"elementor-column elementor-col-50 elementor-inner-column elementor-element elementor-element-eec7b99\" data-id=\"eec7b99\" data-element_type=\"column\" data-e-type=\"column\">\n\t\t\t<div class=\"elementor-widget-wrap elementor-element-populated\">\n\t\t\t\t\t\t<div class=\"elementor-element elementor-element-63378b7 testi-style-image elementor-widget elementor-widget-tbay-testimonials\" data-id=\"63378b7\" data-element_type=\"widget\" data-e-type=\"widget\" data-widget_type=\"tbay-testimonials.default\">\n\t\t\t\t<div class=\"elementor-widget-container\">\n\t\t\t\t\t\r\n<div class=\"tbay-element tbay-element-testimonials\">\r\n\r\n        <div class=\"testimonials row grid\" data-xlgdesktop=\"1\" data-desktop=\"1\" data-desktopsmall=\"1\" data-tablet=\"1\" data-landscape=\"1\" data-mobile=\"1\">\r\n                \r\n            <div class=\"item\">\r\n                 \r\n        <div class=\"testimonials-content\">\r\n                        <div class=\"testimonials-body\"> \r\n                                                <span class=\"excerpt\">Benim Pastac\u0131m Art\u0131k kesinlikle buras\u0131 Hampas \u00e7ok taze \u00e7ok lezzetli Ellerimize sa\u011fl\u0131k \ud83d\udc4d\ud83d\udc4f\ud83d\udc4f\ud83d\udc4f\ud83d\ude0a<\/span>\r\n                        <\/div>\r\n            <div class=\"testimonial-meta\">\r\n                                <span class=\"name\">Emrah Song\u00fcl Can<\/span>\r\n                            <span class=\"job\">17 Eki, 2024<\/span>\r\n                        <\/div>\r\n        <\/div>\r\n                    <\/div>\r\n\r\n            <\/div>\r\n<\/div>\t\t\t\t<\/div>\n\t\t\t\t<\/div>\n\t\t\t\t<div class=\"elementor-element elementor-element-a017030 testi-style-image elementor-widget elementor-widget-tbay-testimonials\" data-id=\"a017030\" data-element_type=\"widget\" data-e-type=\"widget\" data-widget_type=\"tbay-testimonials.default\">\n\t\t\t\t<div class=\"elementor-widget-container\">\n\t\t\t\t\t\r\n<div class=\"tbay-element tbay-element-testimonials\">\r\n\r\n        <div class=\"testimonials row grid\" data-xlgdesktop=\"1\" data-desktop=\"1\" data-desktopsmall=\"1\" data-tablet=\"1\" data-landscape=\"1\" data-mobile=\"1\">\r\n                \r\n            <div class=\"item\">\r\n                 \r\n        <div class=\"testimonials-content\">\r\n                        <div class=\"testimonials-body\"> \r\n                                                <span class=\"excerpt\">Ger\u00e7ekten de \u00e7ok kaliteli ve lezzetli ellerinize sa\u011fl\u0131k<\/span>\r\n                        <\/div>\r\n            <div class=\"testimonial-meta\">\r\n                                <span class=\"name\">Kadir Seda Birdal<\/span>\r\n                            <span class=\"job\">17 Eki, 2024<\/span>\r\n                        <\/div>\r\n        <\/div>\r\n                    <\/div>\r\n\r\n            <\/div>\r\n<\/div>\t\t\t\t<\/div>\n\t\t\t\t<\/div>\n\t\t\t\t\t<\/div>\n\t\t<\/div>\n\t\t\t\t<div class=\"elementor-column elementor-col-50 elementor-inner-column elementor-element elementor-element-8065af8\" data-id=\"8065af8\" data-element_type=\"column\" data-e-type=\"column\">\n\t\t\t<div class=\"elementor-widget-wrap elementor-element-populated\">\n\t\t\t\t\t\t<div class=\"elementor-element elementor-element-baf7e42 testi-style-image elementor-widget elementor-widget-tbay-testimonials\" data-id=\"baf7e42\" data-element_type=\"widget\" data-e-type=\"widget\" data-widget_type=\"tbay-testimonials.default\">\n\t\t\t\t<div class=\"elementor-widget-container\">\n\t\t\t\t\t\r\n<div class=\"tbay-element tbay-element-testimonials\">\r\n\r\n        <div class=\"testimonials row grid\" data-xlgdesktop=\"1\" data-desktop=\"1\" data-desktopsmall=\"1\" data-tablet=\"1\" data-landscape=\"1\" data-mobile=\"1\">\r\n                \r\n            <div class=\"item\">\r\n                 \r\n        <div class=\"testimonials-content\">\r\n                        <div class=\"testimonials-body\"> \r\n                                                <span class=\"excerpt\">S\u00fcper eme\u011finize ellerinize sal\u0131k bol bereketli olsun kazanc\u0131n\u0131z in\u015fallah amin \ud83e\udd32\ud83e\udd32<\/span>\r\n                        <\/div>\r\n            <div class=\"testimonial-meta\">\r\n                                <span class=\"name\">Mira Hira<\/span>\r\n                            <span class=\"job\">17 Eki, 2024<\/span>\r\n                        <\/div>\r\n        <\/div>\r\n                    <\/div>\r\n\r\n            <\/div>\r\n<\/div>\t\t\t\t<\/div>\n\t\t\t\t<\/div>\n\t\t\t\t<div class=\"elementor-element elementor-element-f53418a testi-style-image elementor-widget elementor-widget-tbay-testimonials\" data-id=\"f53418a\" data-element_type=\"widget\" data-e-type=\"widget\" data-widget_type=\"tbay-testimonials.default\">\n\t\t\t\t<div class=\"elementor-widget-container\">\n\t\t\t\t\t\r\n<div class=\"tbay-element tbay-element-testimonials\">\r\n\r\n        <div class=\"testimonials row grid\" data-xlgdesktop=\"1\" data-desktop=\"1\" data-desktopsmall=\"1\" data-tablet=\"1\" data-landscape=\"1\" data-mobile=\"1\">\r\n                \r\n            <div class=\"item\">\r\n                 \r\n        <div class=\"testimonials-content\">\r\n                        <div class=\"testimonials-body\"> \r\n                                                <span class=\"excerpt\">Biz deneyimledik. Ger\u00e7ekten anlat\u0131ld\u0131\u011f\u0131 gibiydi. Ba\u015fka yerde paran\u0131za yaz\u0131k etmeyin tavsiyesiyle...<\/span>\r\n                        <\/div>\r\n            <div class=\"testimonial-meta\">\r\n                                <span class=\"name\">berselmoda<\/span>\r\n                            <span class=\"job\">29 Eki, 2024<\/span>\r\n                        <\/div>\r\n        <\/div>\r\n                    <\/div>\r\n\r\n            <\/div>\r\n<\/div>\t\t\t\t<\/div>\n\t\t\t\t<\/div>\n\t\t\t\t\t<\/div>\n\t\t<\/div>\n\t\t\t\t\t<\/div>\n\t\t<\/section>\n\t\t\t\t\t<\/div>\n\t\t<\/div>\n\t\t\t\t\t<\/div>\n\t\t<\/section>\n\t\t\t\t<\/div>\n\t\t","protected":false},"excerpt":{"rendered":"<p>Hakk\u0131m\u0131zda Hampas Pastaneleri olarak, geleneksel lezzetleri modern dokunu\u015flarla birle\u015ftirerek sizlere en \u00f6zel tatlar\u0131 sunma hedefiyle yola \u00e7\u0131kt\u0131k. Arnavutk\u00f6y Anadolu Mahallesi ve \u00c7ardaktepe \u015fubelerimizde, y\u0131llar\u0131n tecr\u00fcbesi ve tutkumuzla haz\u0131rlad\u0131\u011f\u0131m\u0131z tatl\u0131lar, pastalar ve unlu mamuller ile damaklar\u0131n\u0131za hitap ediyoruz. \u00a0 Her biri \u00f6zenle se\u00e7ilmi\u015f do\u011fal ve organik malzemelerle \u00fcretti\u011fimiz pastalar\u0131m\u0131z, hem g\u00f6rsel hem de lezzet a\u00e7\u0131s\u0131ndan e\u015fsiz &hellip; <a href=\"https:\/\/hampas.com.tr\/magaza\/hakkimizda\/\" class=\"more-link\">Continue reading <span class=\"screen-reader-text\">Hakk\u0131m\u0131zda<\/span><\/a><\/p>\n","protected":false},"author":1,"featured_media":0,"parent":0,"menu_order":0,"comment_status":"closed","ping_status":"closed","template":"","meta":{"footnotes":""},"class_list":["post-610","page","type-page","status-publish","hentry"],"_links":{"self":[{"href":"https:\/\/hampas.com.tr\/magaza\/wp-json\/wp\/v2\/pages\/610","targetHints":{"allow":["GET"]}}],"collection":[{"href":"https:\/\/hampas.com.tr\/magaza\/wp-json\/wp\/v2\/pages"}],"about":[{"href":"https:\/\/hampas.com.tr\/magaza\/wp-json\/wp\/v2\/types\/page"}],"author":[{"embeddable":true,"href":"https:\/\/hampas.com.tr\/magaza\/wp-json\/wp\/v2\/users\/1"}],"replies":[{"embeddable":true,"href":"https:\/\/hampas.com.tr\/magaza\/wp-json\/wp\/v2\/comments?post=610"}],"version-history":[{"count":35,"href":"https:\/\/hampas.com.tr\/magaza\/wp-json\/wp\/v2\/pages\/610\/revisions"}],"predecessor-version":[{"id":5427,"href":"https:\/\/hampas.com.tr\/magaza\/wp-json\/wp\/v2\/pages\/610\/revisions\/5427"}],"wp:attachment":[{"href":"https:\/\/hampas.com.tr\/magaza\/wp-json\/wp\/v2\/media?parent=610"}],"curies":[{"name":"wp","href":"https:\/\/api.w.org\/{rel}","templated":true}]}}