{"id":5889,"date":"2024-12-30T21:46:43","date_gmt":"2024-12-30T18:46:43","guid":{"rendered":"https:\/\/hampas.com.tr\/magaza\/?post_type=product&#038;p=5889"},"modified":"2025-12-31T13:36:14","modified_gmt":"2025-12-31T10:36:14","slug":"cilek-muz-meyveli-pasta-1-no-6-8-kisilik","status":"publish","type":"product","link":"https:\/\/hampas.com.tr\/magaza\/urun\/cilek-muz-meyveli-pasta-1-no-6-8-kisilik\/","title":{"rendered":"\u00c7ilek &amp; Muz Meyveli Pasta (1 No 6-8 Ki\u015filik)"},"content":{"rendered":"<h2><strong>\u00c7ilek &amp; Muz Meyveli Pasta<\/strong><\/h2>\n<p>\u00c7ile\u011fin ferahlat\u0131c\u0131 tad\u0131 ve muzun do\u011fal tatl\u0131l\u0131\u011f\u0131n\u0131 bir araya getiren \u00c7ilek &amp; Muz Meyveli Pasta, tatl\u0131 severler i\u00e7in benzersiz bir lezzet deneyimi sunuyor! Yumu\u015fac\u0131k pandispanya katmanlar\u0131 aras\u0131nda taze \u00e7ilek ve muz dilimlerinin bulu\u015ftu\u011fu bu pasta, do\u011fal meyve aromalar\u0131yla hafif bir tat arayanlara hitap ediyor. Hampas Pastaneleri\u2019nin \u00f6zenle haz\u0131rlad\u0131\u011f\u0131 bu \u00f6zel lezzet, hem \u015f\u0131k g\u00f6r\u00fcnt\u00fcs\u00fc hem de nefis tad\u0131yla \u00f6zel anlar\u0131n\u0131z\u0131n vazge\u00e7ilmezi olacak. Her dilimde taptaze meyve keyfi sunan \u00c7ilek &amp; Muz Meyveli Pasta, sevdiklerinizle payla\u015fman\u0131z i\u00e7in ideal bir se\u00e7enek!<\/p>\n","protected":false},"excerpt":{"rendered":"<p>\u00c7ilek &amp; Muz Meyveli Pasta \u00c7ile\u011fin ferahlat\u0131c\u0131 tad\u0131 ve muzun do\u011fal tatl\u0131l\u0131\u011f\u0131n\u0131 bir araya getiren \u00c7ilek &amp; Muz Meyveli Pasta, tatl\u0131 severler i\u00e7in benzersiz bir lezzet deneyimi sunuyor! Yumu\u015fac\u0131k pandispanya katmanlar\u0131 aras\u0131nda taze \u00e7ilek ve muz dilimlerinin bulu\u015ftu\u011fu bu pasta, do\u011fal meyve aromalar\u0131yla hafif bir tat arayanlara hitap ediyor. Hampas Pastaneleri\u2019nin \u00f6zenle haz\u0131rlad\u0131\u011f\u0131 bu \u00f6zel &hellip; <a href=\"https:\/\/hampas.com.tr\/magaza\/urun\/cilek-muz-meyveli-pasta-1-no-6-8-kisilik\/\" class=\"more-link\">Continue reading <span class=\"screen-reader-text\">\u00c7ilek &amp; Muz Meyveli Pasta (1 No 6-8 Ki\u015filik)<\/span><\/a><\/p>\n","protected":false},"featured_media":5269,"comment_status":"open","ping_status":"closed","template":"","meta":[],"product_brand":[],"product_cat":[87,41],"product_tag":[],"class_list":{"0":"post-5889","1":"product","2":"type-product","3":"status-publish","4":"has-post-thumbnail","6":"product_cat-meyveli-pastalar","7":"product_cat-pastalar","9":"first","10":"instock","11":"purchasable","12":"product-type-simple"},"_links":{"self":[{"href":"https:\/\/hampas.com.tr\/magaza\/wp-json\/wp\/v2\/product\/5889","targetHints":{"allow":["GET"]}}],"collection":[{"href":"https:\/\/hampas.com.tr\/magaza\/wp-json\/wp\/v2\/product"}],"about":[{"href":"https:\/\/hampas.com.tr\/magaza\/wp-json\/wp\/v2\/types\/product"}],"replies":[{"embeddable":true,"href":"https:\/\/hampas.com.tr\/magaza\/wp-json\/wp\/v2\/comments?post=5889"}],"version-history":[{"count":1,"href":"https:\/\/hampas.com.tr\/magaza\/wp-json\/wp\/v2\/product\/5889\/revisions"}],"predecessor-version":[{"id":5893,"href":"https:\/\/hampas.com.tr\/magaza\/wp-json\/wp\/v2\/product\/5889\/revisions\/5893"}],"wp:featuredmedia":[{"embeddable":true,"href":"https:\/\/hampas.com.tr\/magaza\/wp-json\/wp\/v2\/media\/5269"}],"wp:attachment":[{"href":"https:\/\/hampas.com.tr\/magaza\/wp-json\/wp\/v2\/media?parent=5889"}],"wp:term":[{"taxonomy":"product_brand","embeddable":true,"href":"https:\/\/hampas.com.tr\/magaza\/wp-json\/wp\/v2\/product_brand?post=5889"},{"taxonomy":"product_cat","embeddable":true,"href":"https:\/\/hampas.com.tr\/magaza\/wp-json\/wp\/v2\/product_cat?post=5889"},{"taxonomy":"product_tag","embeddable":true,"href":"https:\/\/hampas.com.tr\/magaza\/wp-json\/wp\/v2\/product_tag?post=5889"}],"curies":[{"name":"wp","href":"https:\/\/api.w.org\/{rel}","templated":true}]}}